{"id":10,"date":"2014-03-28T00:02:03","date_gmt":"2014-03-28T00:02:03","guid":{"rendered":"http:\/\/dr-alfred-bretz.de\/?page_id=10"},"modified":"2022-02-20T19:55:30","modified_gmt":"2022-02-20T19:55:30","slug":"unsere-praxis","status":"publish","type":"page","link":"https:\/\/dr-alfred-bretz.de\/?page_id=10","title":{"rendered":"Unsere Praxis"},"content":{"rendered":"<p><a href=\"http:\/\/dr-alfred-bretz.de\/wp-content\/uploads\/2014\/04\/PraxisTeam2.png\"><img loading=\"lazy\" decoding=\"async\" class=\"alignleft size-medium wp-image-137\" src=\"http:\/\/dr-alfred-bretz.de\/wp-content\/uploads\/2014\/04\/PraxisTeam2-268x300.png\" alt=\"Das Team\" width=\"268\" height=\"300\" hspace=\"10\" \/><\/a>Unsere Zahnarztpraxis liegt im Aachen West in der N\u00e4he der RWTH.<br \/>\nHier legen wir besonderen Wert auf eine vollst\u00e4ndige Behandlung. Dazu geh\u00f6ren alle Gebiete der Zahnmedizin, von der Prophylaxe \u00fcber die \u00e4sthetische Zahnheilkunde, wie Veneers und Bleaching, konservierende Zahnmedizin (F\u00fcllungen oder Inlays), Prothetik (Br\u00fccken, Kronen, etc) bis hin zur Versorgung mit Zahn-Implantaten.<\/p>\n<p>Wir setzen in unserer Zahnarztpraxis alles daran, das Beste f\u00fcr Ihre Z\u00e4hne zu erreichen und sie dauerhaft gesund zu halten.<\/p>\n<p>Sehen Sie selbst, wie wir Ihnen helfen k\u00f6nnen.<\/p>\n<p><span style=\"color: #008080;\"><strong><span style=\"font-size: large;\">Aus der Praxis<\/span><\/strong><\/span><\/p>\n<figure id=\"attachment_130\" aria-describedby=\"caption-attachment-130\" style=\"width: 224px\" class=\"wp-caption alignleft\"><a href=\"http:\/\/dr-alfred-bretz.de\/wp-content\/uploads\/2014\/04\/BehZi1.png\"><img loading=\"lazy\" decoding=\"async\" class=\"size-medium wp-image-130\" src=\"http:\/\/dr-alfred-bretz.de\/wp-content\/uploads\/2014\/04\/BehZi1-224x300.png\" alt=\"Behandlung1\" width=\"224\" height=\"300\" \/><\/a><figcaption id=\"caption-attachment-130\" class=\"wp-caption-text\">Behandlung1<\/figcaption><\/figure>\n<figure id=\"attachment_131\" aria-describedby=\"caption-attachment-131\" style=\"width: 224px\" class=\"wp-caption alignleft\"><a href=\"http:\/\/dr-alfred-bretz.de\/wp-content\/uploads\/2014\/04\/Beh2.png\"><img loading=\"lazy\" decoding=\"async\" class=\"size-medium wp-image-131\" src=\"http:\/\/dr-alfred-bretz.de\/wp-content\/uploads\/2014\/04\/Beh2-224x300.png\" alt=\"Behandlung2\" width=\"224\" height=\"300\" \/><\/a><figcaption id=\"caption-attachment-131\" class=\"wp-caption-text\">Behandlung2<\/figcaption><\/figure>\n<figure id=\"attachment_132\" aria-describedby=\"caption-attachment-132\" style=\"width: 224px\" class=\"wp-caption alignleft\"><a href=\"http:\/\/dr-alfred-bretz.de\/wp-content\/uploads\/2014\/04\/Beh3.png\"><img loading=\"lazy\" decoding=\"async\" class=\"size-medium wp-image-132\" src=\"http:\/\/dr-alfred-bretz.de\/wp-content\/uploads\/2014\/04\/Beh3-224x300.png\" alt=\"Behandlung3\" width=\"224\" height=\"300\" \/><\/a><figcaption id=\"caption-attachment-132\" class=\"wp-caption-text\">Behandlung3<\/figcaption><\/figure>\n<figure id=\"attachment_133\" aria-describedby=\"caption-attachment-133\" style=\"width: 224px\" class=\"wp-caption alignleft\"><a href=\"http:\/\/dr-alfred-bretz.de\/wp-content\/uploads\/2014\/04\/Beh4.png\"><img loading=\"lazy\" decoding=\"async\" class=\"size-medium wp-image-133\" src=\"http:\/\/dr-alfred-bretz.de\/wp-content\/uploads\/2014\/04\/Beh4-224x300.png\" alt=\"Behandlung4\" width=\"224\" height=\"300\" \/><\/a><figcaption id=\"caption-attachment-133\" class=\"wp-caption-text\">Behandlung4<\/figcaption><\/figure>\n<figure id=\"attachment_134\" aria-describedby=\"caption-attachment-134\" style=\"width: 224px\" class=\"wp-caption alignleft\"><a href=\"http:\/\/dr-alfred-bretz.de\/wp-content\/uploads\/2014\/04\/Lachdochmal.png\"><img loading=\"lazy\" decoding=\"async\" class=\"size-medium wp-image-134\" src=\"http:\/\/dr-alfred-bretz.de\/wp-content\/uploads\/2014\/04\/Lachdochmal-224x300.png\" alt=\"Bilder\" width=\"224\" height=\"300\" \/><\/a><figcaption id=\"caption-attachment-134\" class=\"wp-caption-text\">Bilder<\/figcaption><\/figure>\n<figure id=\"attachment_135\" aria-describedby=\"caption-attachment-135\" style=\"width: 224px\" class=\"wp-caption alignleft\"><a href=\"http:\/\/dr-alfred-bretz.de\/wp-content\/uploads\/2014\/04\/theGap.png\"><img loading=\"lazy\" decoding=\"async\" class=\"size-medium wp-image-135\" src=\"http:\/\/dr-alfred-bretz.de\/wp-content\/uploads\/2014\/04\/theGap-224x300.png\" alt=\"The Gap \/ Die L\u00fccke\" width=\"224\" height=\"300\" \/><\/a><figcaption id=\"caption-attachment-135\" class=\"wp-caption-text\">The Gap \/ Die L\u00fccke<\/figcaption><\/figure>\n<figure id=\"attachment_136\" aria-describedby=\"caption-attachment-136\" style=\"width: 224px\" class=\"wp-caption alignleft\"><a href=\"http:\/\/dr-alfred-bretz.de\/wp-content\/uploads\/2014\/04\/theClockPaint.png\"><img loading=\"lazy\" decoding=\"async\" class=\"size-medium wp-image-136\" src=\"http:\/\/dr-alfred-bretz.de\/wp-content\/uploads\/2014\/04\/theClockPaint-224x300.png\" alt=\"Bilder - Die Zeit\" width=\"224\" height=\"300\" \/><\/a><figcaption id=\"caption-attachment-136\" class=\"wp-caption-text\">Die Zeit<\/figcaption><\/figure>\n<figure id=\"attachment_138\" aria-describedby=\"caption-attachment-138\" style=\"width: 224px\" class=\"wp-caption alignleft\"><a href=\"http:\/\/dr-alfred-bretz.de\/wp-content\/uploads\/2014\/04\/Warteraum.png\"><img loading=\"lazy\" decoding=\"async\" class=\"size-medium wp-image-138\" src=\"http:\/\/dr-alfred-bretz.de\/wp-content\/uploads\/2014\/04\/Warteraum-224x300.png\" alt=\"Warteraum\" width=\"224\" height=\"300\" \/><\/a><figcaption id=\"caption-attachment-138\" class=\"wp-caption-text\">Warteraum<\/figcaption><\/figure>\n<figure id=\"attachment_139\" aria-describedby=\"caption-attachment-139\" style=\"width: 224px\" class=\"wp-caption alignleft\"><a href=\"http:\/\/dr-alfred-bretz.de\/wp-content\/uploads\/2014\/04\/reception1.png\"><img loading=\"lazy\" decoding=\"async\" class=\"size-medium wp-image-139\" src=\"http:\/\/dr-alfred-bretz.de\/wp-content\/uploads\/2014\/04\/reception1-224x300.png\" alt=\"Rezeption2\" width=\"224\" height=\"300\" \/><\/a><figcaption id=\"caption-attachment-139\" class=\"wp-caption-text\">Rezeption2<\/figcaption><\/figure>\n","protected":false},"excerpt":{"rendered":"<p>Unsere Zahnarztpraxis liegt im Aachen West in der N\u00e4he der RWTH. Hier legen wir besonderen Wert auf eine vollst\u00e4ndige Behandlung. Dazu geh\u00f6ren alle Gebiete der Zahnmedizin, von der Prophylaxe \u00fcber die \u00e4sthetische Zahnheilkunde, wie Veneers und Bleaching, konservierende Zahnmedizin (F\u00fcllungen &hellip;<\/p>\n<p class=\"read-more\"> <a class=\"more-link\" href=\"https:\/\/dr-alfred-bretz.de\/?page_id=10\"> <span class=\"screen-reader-text\">Unsere Praxis<\/span> Weiterlesen &raquo;<\/a><\/p>\n","protected":false},"author":3,"featured_media":0,"parent":0,"menu_order":1,"comment_status":"closed","ping_status":"closed","template":"","meta":{"footnotes":""},"class_list":["post-10","page","type-page","status-publish","hentry"],"_links":{"self":[{"href":"https:\/\/dr-alfred-bretz.de\/index.php?rest_route=\/wp\/v2\/pages\/10","targetHints":{"allow":["GET"]}}],"collection":[{"href":"https:\/\/dr-alfred-bretz.de\/index.php?rest_route=\/wp\/v2\/pages"}],"about":[{"href":"https:\/\/dr-alfred-bretz.de\/index.php?rest_route=\/wp\/v2\/types\/page"}],"author":[{"embeddable":true,"href":"https:\/\/dr-alfred-bretz.de\/index.php?rest_route=\/wp\/v2\/users\/3"}],"replies":[{"embeddable":true,"href":"https:\/\/dr-alfred-bretz.de\/index.php?rest_route=%2Fwp%2Fv2%2Fcomments&post=10"}],"version-history":[{"count":1,"href":"https:\/\/dr-alfred-bretz.de\/index.php?rest_route=\/wp\/v2\/pages\/10\/revisions"}],"predecessor-version":[{"id":204,"href":"https:\/\/dr-alfred-bretz.de\/index.php?rest_route=\/wp\/v2\/pages\/10\/revisions\/204"}],"wp:attachment":[{"href":"https:\/\/dr-alfred-bretz.de\/index.php?rest_route=%2Fwp%2Fv2%2Fmedia&parent=10"}],"curies":[{"name":"wp","href":"https:\/\/api.w.org\/{rel}","templated":true}]}}