{"id":15,"date":"2014-03-28T01:52:15","date_gmt":"2014-03-28T01:52:15","guid":{"rendered":"http:\/\/dr-alfred-bretz.de\/?page_id=15"},"modified":"2022-02-20T19:55:59","modified_gmt":"2022-02-20T19:55:59","slug":"behandlung","status":"publish","type":"page","link":"https:\/\/dr-alfred-bretz.de\/?page_id=15","title":{"rendered":"Behandlung"},"content":{"rendered":"<p><strong><span style=\"color: #993300;\">INDIVIDUELLE PROPHYLAXE<\/span><\/strong><\/p>\n<figure id=\"attachment_13\" aria-describedby=\"caption-attachment-13\" style=\"width: 150px\" class=\"wp-caption alignnone\"><a href=\"http:\/\/dr-alfred-bretz.de\/wp-content\/uploads\/2014\/03\/prophylaxe2.png\"><img loading=\"lazy\" decoding=\"async\" class=\"size-full wp-image-13\" src=\"http:\/\/dr-alfred-bretz.de\/wp-content\/uploads\/2014\/03\/prophylaxe2.png\" alt=\"Individuelle Prophylaxe\" width=\"150\" height=\"131\" \/><\/a><figcaption id=\"caption-attachment-13\" class=\"wp-caption-text\">Die Prophylaxe<\/figcaption><\/figure>\n<p>Die Professionelle Zahnreinigung besteht aus drei Schritten:<\/p>\n<ol>\n<li><span style=\"color: #993300;\">Zahnsteinentfernung,<\/span><\/li>\n<li><span style=\"color: #993300;\">Belagsentfernung,<\/span><\/li>\n<li><span style=\"color: #993300;\">Zahnpolitur und Fluoridierung.<\/span><\/li>\n<\/ol>\n<p>Ziel der <strong><span style=\"color: #993300;\">PZR<\/span><\/strong> ist es s\u00e4mtliche harten und weichen Bel\u00e4ge von den Z\u00e4hnen zu entfernen und die Z\u00e4hne zu polieren, so da\u00df Bakterien es schwierig haben, an den Zahnoberfl\u00e4chen anzuhaften.<\/p>\n<ul>\n<li><strong><span style=\"color: #993300;\">Lokale Fluoridierung<\/span><\/strong><\/li>\n<li><strong><span style=\"color: #993300;\">Fissurenversiegelungen<\/span><\/strong><\/li>\n<li><strong><span style=\"color: #993300;\">Kieferorthop\u00e4die-Vorbereitung<\/span><\/strong><\/li>\n<\/ul>\n<p><span style=\"color: #008000;\"><strong>ZAHNERSATZ \/ EIGENLABOR<\/strong><\/span><\/p>\n<figure id=\"attachment_87\" aria-describedby=\"caption-attachment-87\" style=\"width: 150px\" class=\"wp-caption alignnone\"><a href=\"http:\/\/dr-alfred-bretz.de\/wp-content\/uploads\/2014\/03\/eigZALabor.png\"><img loading=\"lazy\" decoding=\"async\" class=\"size-full wp-image-87\" src=\"http:\/\/dr-alfred-bretz.de\/wp-content\/uploads\/2014\/03\/eigZALabor.png\" alt=\"Zahnersatz \/ EigenZahnLabor\" width=\"150\" height=\"132\" \/><\/a><figcaption id=\"caption-attachment-87\" class=\"wp-caption-text\">Zahnersatz\/Eigenlabor<\/figcaption><\/figure>\n<p>Beim Zahnersatz legen wir gro\u00dfen Wert auf Qualit\u00e4t, Haltbarkeit und eine nat\u00fcrliche Wirkung.<br \/>\nDies sind unsere Zahnersatzarten in der \u00dcbersicht:<\/p>\n<p><span style=\"color: #008000;\"><b>Festsitzender Zahnersatz:\u00a0<\/b><\/span><\/p>\n<ul>\n<li><span style=\"color: #008000;\">Inlays und Onlays (Teilkronen)<\/span><\/li>\n<li><span style=\"color: #008000;\">Kronen<\/span><\/li>\n<li><span style=\"color: #008000;\">Br\u00fccken<\/span><\/li>\n<\/ul>\n<p><span style=\"color: #008000;\"><b>Herausnehmbarer Zahnersatz:<\/b><\/span><\/p>\n<ul>\n<li><span style=\"color: #008000;\">Modellgussprothesen<\/span><\/li>\n<li><span style=\"color: #008000;\">Teleskoparbeiten<\/span><\/li>\n<li><span style=\"color: #008000;\">Vollprothesen<\/span><\/li>\n<\/ul>\n<p><span style=\"color: #008000;\"><b>Implantatgetragener Zahnersatz:<\/b><\/span><\/p>\n<ul>\n<li><span style=\"color: #008000;\"><b><\/b>Kronen, Br\u00fccken sowie Teil- und Vollprothesen auf Implantaten<\/span><\/li>\n<\/ul>\n<p><span style=\"color: #0000ff;\"><strong>PARODONTITIS BEHANDLUNG<\/strong><\/span><\/p>\n<figure id=\"attachment_90\" aria-describedby=\"caption-attachment-90\" style=\"width: 150px\" class=\"wp-caption alignnone\"><a href=\"http:\/\/dr-alfred-bretz.de\/wp-content\/uploads\/2014\/03\/ParodontBeh1.png\"><img loading=\"lazy\" decoding=\"async\" class=\"size-full wp-image-90\" src=\"http:\/\/dr-alfred-bretz.de\/wp-content\/uploads\/2014\/03\/ParodontBeh1.png\" alt=\"Parodontitis Behandlung\" width=\"150\" height=\"133\" \/><\/a><figcaption id=\"caption-attachment-90\" class=\"wp-caption-text\">Parodontitis Behandlung<\/figcaption><\/figure>\n<p>Die Parodontitis ist eine chronische, durch bakterielle Bel\u00e4ge verursachte <span style=\"color: #0000ff;\">Entz\u00fcndung des Zahnbettes<\/span>.<br \/>\nSie ist \u00a0heutzutage die <span style=\"color: #0000ff;\">Hauptursache<\/span> f\u00fcr <span style=\"color: #0000ff;\">Zahnverlust<\/span> bei <span style=\"color: #0000ff;\">Erwachsenen<\/span>.<br \/>\nDar\u00fcber hinaus kann die Parodontitis auch die Allgemeingesundheit beeintr\u00e4chtigen und wegen der dauerhaft bestehenden Entz\u00fcndung <span style=\"color: #0000ff;\">Herz- \/Kreislauferkrankungen<\/span> und <span style=\"color: #0000ff;\">Diabetes<\/span> beg\u00fcnstigen.<\/p>\n<p>Oberstes Ziel der Parodontitis Behandlung ist \u00a0die effektive <span style=\"color: #0000ff;\">Aufhaltung der Entz\u00fcndung<\/span>.<br \/>\nRufen Sie uns an wenn Sie Probleme mit Ihrem Zahnfleisch haben. \u00a0Wir beraten Sie gerne.<\/p>\n<p><a title=\"Unser Service\" href=\"http:\/\/dr-alfred-bretz.de\/?page_id=38\"><span style=\"color: #008000;\"><strong>UNSER SERVICE<\/strong><\/span><\/a><\/p>\n<figure id=\"attachment_92\" aria-describedby=\"caption-attachment-92\" style=\"width: 160px\" class=\"wp-caption alignnone\"><a title=\"Service\" href=\"http:\/\/dr-alfred-bretz.de\/?page_id=38\"><img loading=\"lazy\" decoding=\"async\" class=\"size-full wp-image-92\" src=\"http:\/\/dr-alfred-bretz.de\/wp-content\/uploads\/2014\/03\/Recall2.png\" alt=\"Unser Service\" width=\"160\" height=\"131\" \/><\/a><figcaption id=\"caption-attachment-92\" class=\"wp-caption-text\">Service<\/figcaption><\/figure>\n<p>[\/ezcol_1half][ezcol_1half_end]<strong><span style=\"color: #0000ff;\">\u00c4STHETISCHE ZAHNHEILKUNDE<\/span><\/strong><\/p>\n<figure id=\"attachment_14\" aria-describedby=\"caption-attachment-14\" style=\"width: 159px\" class=\"wp-caption alignnone\"><a href=\"http:\/\/dr-alfred-bretz.de\/wp-content\/uploads\/2014\/03\/CosmeticDentistry.png\"><img loading=\"lazy\" decoding=\"async\" class=\"size-full wp-image-14\" src=\"http:\/\/dr-alfred-bretz.de\/wp-content\/uploads\/2014\/03\/CosmeticDentistry.png\" alt=\"Aesthetische Zahnmedizin\" width=\"159\" height=\"130\" \/><\/a><figcaption id=\"caption-attachment-14\" class=\"wp-caption-text\">Aesthetische Zahnmedizin<\/figcaption><\/figure>\n<p>Ein gesundes, strahlendes L\u00e4cheln steht heute f\u00fcr privaten und beruflichen Erfolg. Leider hat nicht jeder Mensch das Gl\u00fcck, von Natur aus mit diesen Eigenschaften ausgestattet zu sein. Deswegen setzen wir auf restaurative und \u00e4sthetische Zahnheilkunde und bieten folgende Behandlungen an:<br \/>\n\u25aa <span style=\"color: #0000ff;\">Bleaching<\/span> &#8211; Wei\u00dfe Z\u00e4hne durch Zahnaufhellung<br \/>\n\u25aa <span style=\"color: #0000ff;\">Prophylaxe<\/span> &#8211; Professionelle Zahnreinigung<br \/>\n\u25aa <span style=\"color: #0000ff;\">Veneers<\/span> &#8211; Hauchd\u00fcnne Keramikverblendschalen zur Korrektur der Schneidez\u00e4hne.<br \/>\n\u25aa <span style=\"color: #0000ff;\">\u00c4sthetische Zahnf\u00fcllungen<\/span> &#8211; zahnfarbene Kompositf\u00fcllungen<br \/>\n\u25aa <span style=\"color: #0000ff;\">Einlagef\u00fcllungen \/ Inlays<\/span> &#8211; Gold, Keramik, Composite<\/p>\n<p><strong><span style=\"color: #993300;\">ENDODONTIE \/ WURZELBEHANDLUNG<\/span><\/strong><\/p>\n<figure id=\"attachment_88\" aria-describedby=\"caption-attachment-88\" style=\"width: 149px\" class=\"wp-caption alignnone\"><a href=\"http:\/\/dr-alfred-bretz.de\/wp-content\/uploads\/2014\/03\/endo1.png\"><img loading=\"lazy\" decoding=\"async\" class=\"size-full wp-image-88\" src=\"http:\/\/dr-alfred-bretz.de\/wp-content\/uploads\/2014\/03\/endo1.png\" alt=\"Wurzelbehandlung\" width=\"149\" height=\"134\" \/><\/a><figcaption id=\"caption-attachment-88\" class=\"wp-caption-text\">Endodontie<\/figcaption><\/figure>\n<p>Das heisst <span style=\"color: #993300;\">Z\u00e4hne retten<\/span>, die einen gro\u00dfen Defekt durch eine Karies oder einen Unfall haben und sonst h\u00e4tten gezogen werden m\u00fcssen.<\/p>\n<p>Der Zahninnenraum ist mit <span style=\"color: #993300;\">Bakterien<\/span> \u00fcberflutet, dadurch entstehen auf Dauer <span style=\"color: #993300;\">Schmerzen<\/span> und <span style=\"color: #993300;\">Entz\u00fcndungen<\/span> an der <span style=\"color: #993300;\">Wurzelspitze<\/span>, die den ganzen K\u00f6rper belasten.<\/p>\n<p><span style=\"color: #993300;\">Aufgabe der Endodontie<\/span> ist es, mit Medikamenten und Instrumenten den Wurzelkanal von Keimen zu befreien und einen bakteriendichten endodontischen Verschluss zu schaffen, der das K\u00f6rperinnere vor Bakterien sch\u00fctzt.<\/p>\n<p><strong><span style=\"color: #ff0000;\">CHIRURGIE \/ IMPLANTOLOGIE<\/span><\/strong><\/p>\n<figure id=\"attachment_91\" aria-describedby=\"caption-attachment-91\" style=\"width: 150px\" class=\"wp-caption alignnone\"><a href=\"http:\/\/dr-alfred-bretz.de\/wp-content\/uploads\/2014\/03\/implantologie.png\"><img loading=\"lazy\" decoding=\"async\" class=\"size-full wp-image-91\" src=\"http:\/\/dr-alfred-bretz.de\/wp-content\/uploads\/2014\/03\/implantologie.png\" alt=\"Chirurgie \/ Implantologie\" width=\"150\" height=\"128\" \/><\/a><figcaption id=\"caption-attachment-91\" class=\"wp-caption-text\">Chirurgie<\/figcaption><\/figure>\n<p>Der Bereich der zahn\u00e4rztlichen Chirurgie umfasst alle chirurgischen Eingriffe im Mund-Kiefer-Bereich, die ambulant durchgef\u00fchrt werden k\u00f6nnen. In unserer Praxis bieten wir folgende operative Eingriffe innerhalb der Mundh\u00f6hle an:<\/p>\n<ul>\n<li><span style=\"color: #ff0000;\">Entfernung von Weisheitsz\u00e4hnen und verlagerten Z\u00e4hnen<\/span><\/li>\n<li><span style=\"color: #ff0000;\">Wurzelspitzenresektion<\/span> &#8211; die Entfernung (Resektion) einer Wurzelspitze (Apex) des Zahnes von au\u00dfen.\u00a0 Bei wurzelbehandelten\u00a0 Z\u00e4hnen kann es zu Entz\u00fcndungsprozessen an den Zahnwurzeln mit Beteiligung des Kieferknochens kommen. Wenn der betroffene Zahn trotz dieser Wurzelspitzenentz\u00fcndung erhaltbar ist, wird eine so genannte Wurzelspitzenresektion\u00a0 durchgef\u00fchrt,\u00a0 um den Nachschub von Bakterien aus dem Wurzelkanal in den Kieferknochen zu unterbrechen. Danach kommt es in der Regel zu einer vollst\u00e4ndigen Ausheilung der Zahnwurzelentz\u00fcndung, indem sich die Knochenh\u00f6hle durch nachwachsenden Knochen auff\u00fcllt.<\/li>\n<li><span style=\"color: #ff0000;\">Parodontose-Behandlungen<\/span><\/li>\n<\/ul>\n","protected":false},"excerpt":{"rendered":"<p>INDIVIDUELLE PROPHYLAXE Die Professionelle Zahnreinigung besteht aus drei Schritten: Zahnsteinentfernung, Belagsentfernung, Zahnpolitur und Fluoridierung. Ziel der PZR ist es s\u00e4mtliche harten und weichen Bel\u00e4ge von den Z\u00e4hnen zu entfernen und die Z\u00e4hne zu polieren, so da\u00df Bakterien es schwierig haben, &hellip;<\/p>\n<p class=\"read-more\"> <a class=\"more-link\" href=\"https:\/\/dr-alfred-bretz.de\/?page_id=15\"> <span class=\"screen-reader-text\">Behandlung<\/span> Weiterlesen &raquo;<\/a><\/p>\n","protected":false},"author":3,"featured_media":0,"parent":0,"menu_order":3,"comment_status":"closed","ping_status":"closed","template":"","meta":{"footnotes":""},"class_list":["post-15","page","type-page","status-publish","hentry"],"_links":{"self":[{"href":"https:\/\/dr-alfred-bretz.de\/index.php?rest_route=\/wp\/v2\/pages\/15","targetHints":{"allow":["GET"]}}],"collection":[{"href":"https:\/\/dr-alfred-bretz.de\/index.php?rest_route=\/wp\/v2\/pages"}],"about":[{"href":"https:\/\/dr-alfred-bretz.de\/index.php?rest_route=\/wp\/v2\/types\/page"}],"author":[{"embeddable":true,"href":"https:\/\/dr-alfred-bretz.de\/index.php?rest_route=\/wp\/v2\/users\/3"}],"replies":[{"embeddable":true,"href":"https:\/\/dr-alfred-bretz.de\/index.php?rest_route=%2Fwp%2Fv2%2Fcomments&post=15"}],"version-history":[{"count":1,"href":"https:\/\/dr-alfred-bretz.de\/index.php?rest_route=\/wp\/v2\/pages\/15\/revisions"}],"predecessor-version":[{"id":207,"href":"https:\/\/dr-alfred-bretz.de\/index.php?rest_route=\/wp\/v2\/pages\/15\/revisions\/207"}],"wp:attachment":[{"href":"https:\/\/dr-alfred-bretz.de\/index.php?rest_route=%2Fwp%2Fv2%2Fmedia&parent=15"}],"curies":[{"name":"wp","href":"https:\/\/api.w.org\/{rel}","templated":true}]}}