{"id":173,"date":"2014-04-07T18:27:33","date_gmt":"2014-04-07T18:27:33","guid":{"rendered":"http:\/\/dr-alfred-bretz.de\/?page_id=173"},"modified":"2022-12-14T15:35:32","modified_gmt":"2022-12-14T15:35:32","slug":"impressum","status":"publish","type":"page","link":"https:\/\/dr-alfred-bretz.de\/?page_id=173","title":{"rendered":"Impressum"},"content":{"rendered":"<p><b>Inhaltlich verantwortlich:<\/b><\/p>\n<p>Berufsbezeichnung: Zahnarzt<br \/>\nApprobation: Regierungspr\u00e4sident D\u00fcsseldorf<\/p>\n<p>Dr.med.dent.<br \/>\nAlfred Bretz<br \/>\nM\u00fchlener Markt 2<br \/>\n52222 Stolberg<br \/>\nTel.: (02402) 25282<\/p>\n<p><b>Haftungsausschluss:<\/b><\/p>\n<p>Es wird keine Haftung \u00fcbernommen, weder f\u00fcr die Informationsrichtigkeit, noch f\u00fcr eventuelle Sch\u00e4den, die durch die Verwendung der Webseiteninformationen entstehen k\u00f6nnten.<\/p>\n<p>Mit Bezug auf das Urteil des Landesgerichts Hamburg vom 12.05.1998, Az.: 312O58198 distanziert sich der inhaltlich Verantwortliche ausdr\u00fccklich von allen Inhalten aller gelinkten Seiten auf der gesamten Webseite und macht sich deren Inhalte nicht zu Eigen. F\u00fcr diese Inhalte \u2013 so hat das Landesgericht Hamburg entschieden \u2013 ist der jeweilige Anbieter selbst verantwortlich.<\/p>\n<p><b>Zust\u00e4ndige Beh\u00f6rden:<\/b><\/p>\n<p>KZV Nordrhein<br \/>\nTersteegen Str. 9<br \/>\n40474 D\u00fcsseldorf<\/p>\n<p>Z\u00c4 Kammer Nordrhein<br \/>\nEmanuel Leutze Str. 8<br \/>\n40547 D\u00fcsseldorf<\/p>\n<p>Es gilt die Berufsordnung der oben genannten Kammer.<\/p>\n","protected":false},"excerpt":{"rendered":"<p>Inhaltlich verantwortlich: Berufsbezeichnung: Zahnarzt Approbation: Regierungspr\u00e4sident D\u00fcsseldorf Dr.med.dent. Alfred Bretz M\u00fchlener Markt 2 52222 Stolberg Tel.: (02402) 25282 Haftungsausschluss: Es wird keine Haftung \u00fcbernommen, weder f\u00fcr die Informationsrichtigkeit, noch f\u00fcr eventuelle Sch\u00e4den, die durch die Verwendung der Webseiteninformationen entstehen k\u00f6nnten. &hellip;<\/p>\n<p class=\"read-more\"> <a class=\"more-link\" href=\"https:\/\/dr-alfred-bretz.de\/?page_id=173\"> <span class=\"screen-reader-text\">Impressum<\/span> Weiterlesen &raquo;<\/a><\/p>\n","protected":false},"author":3,"featured_media":0,"parent":0,"menu_order":6,"comment_status":"closed","ping_status":"closed","template":"","meta":{"footnotes":""},"class_list":["post-173","page","type-page","status-publish","hentry"],"_links":{"self":[{"href":"https:\/\/dr-alfred-bretz.de\/index.php?rest_route=\/wp\/v2\/pages\/173","targetHints":{"allow":["GET"]}}],"collection":[{"href":"https:\/\/dr-alfred-bretz.de\/index.php?rest_route=\/wp\/v2\/pages"}],"about":[{"href":"https:\/\/dr-alfred-bretz.de\/index.php?rest_route=\/wp\/v2\/types\/page"}],"author":[{"embeddable":true,"href":"https:\/\/dr-alfred-bretz.de\/index.php?rest_route=\/wp\/v2\/users\/3"}],"replies":[{"embeddable":true,"href":"https:\/\/dr-alfred-bretz.de\/index.php?rest_route=%2Fwp%2Fv2%2Fcomments&post=173"}],"version-history":[{"count":2,"href":"https:\/\/dr-alfred-bretz.de\/index.php?rest_route=\/wp\/v2\/pages\/173\/revisions"}],"predecessor-version":[{"id":244,"href":"https:\/\/dr-alfred-bretz.de\/index.php?rest_route=\/wp\/v2\/pages\/173\/revisions\/244"}],"wp:attachment":[{"href":"https:\/\/dr-alfred-bretz.de\/index.php?rest_route=%2Fwp%2Fv2%2Fmedia&parent=173"}],"curies":[{"name":"wp","href":"https:\/\/api.w.org\/{rel}","templated":true}]}}