{"id":38,"date":"2014-03-28T13:33:57","date_gmt":"2014-03-28T13:33:57","guid":{"rendered":"http:\/\/dr-alfred-bretz.de\/?page_id=38"},"modified":"2022-02-20T19:56:49","modified_gmt":"2022-02-20T19:56:49","slug":"service","status":"publish","type":"page","link":"https:\/\/dr-alfred-bretz.de\/?page_id=38","title":{"rendered":"Unser Service"},"content":{"rendered":"<figure id=\"attachment_92\" aria-describedby=\"caption-attachment-92\" style=\"width: 160px\" class=\"wp-caption alignnone\"><a href=\"http:\/\/dr-alfred-bretz.de\/wp-content\/uploads\/2014\/03\/Recall2.png\"><img loading=\"lazy\" decoding=\"async\" class=\"size-full wp-image-92\" alt=\"Unser Service\" src=\"http:\/\/dr-alfred-bretz.de\/wp-content\/uploads\/2014\/03\/Recall2.png\" width=\"160\" height=\"131\" \/><\/a><figcaption id=\"caption-attachment-92\" class=\"wp-caption-text\">Service<\/figcaption><\/figure>\n<ul>\n<li><span style=\"color: #993300;\"><strong>Recall<\/strong><\/span> &#8211; Wir m\u00f6chten zusammen mit Ihnen Ihre Gesundheit langfristig erhalten. Daher vereinbaren wir in der Regel halbj\u00e4hrliche Vorsorgetermine.<\/li>\n<li>Professioneller Umgang mit der <strong><span style=\"color: #993300;\">Zeitplanung<\/span><\/strong> unserer Patienten (<strong><span style=\"color: #993300;\">keine<\/span><\/strong> oder nur kurze <strong><span style=\"color: #993300;\">Wartezeiten<\/span><\/strong>).<\/li>\n<li><span style=\"color: #993300;\"><strong>Finanzierung<\/strong><\/span> &#8211; Unsere Praxis kooperiert mit dem Abrechnungs-Unternehmen DZR. Dieses bietet Ihnen die M\u00f6glichkeit, \u00a0den Teil Ihrer Rechnung, den Sie selbst zu tragen haben, bequem in monatlichen Raten zu begleichen.<\/li>\n<li><strong><span style=\"color: #993300;\">Notdienst<\/span> <\/strong>&#8211; Au\u00dferhalb unserer Sprechzeiten k\u00f6nnen unsere Patienten im Notfall die Praxis anrufen und eine Nachricht hinterlassen. Wir melden uns nach M\u00f6glichkeit zur\u00fcck.<\/li>\n<li><span style=\"color: #993300;\"><strong>Digitales R\u00f6ntgen<\/strong><\/span> &#8211; Unser modernes R\u00f6ntgen- und Computersystem erm\u00f6glicht die sofortige Darstellung am Monitor der aufgenommenen Bilder und dadurch die Gew\u00e4hrleistung einer genauen und sicheren Diagnose. Ein sehr wichtiger Vorteil ist eine um <span style=\"color: #993300;\"><strong>90% reduzierte Strahlenbelastung<\/strong><\/span> als bei herk\u00f6mmlichen Ger\u00e4ten.<\/li>\n<li><span style=\"color: #993300;\"><strong>Eigenes Praxis-Labor<\/strong><\/span> &#8211; Unser Techniker ist immer vor Ort, um mit Ihnen Farbe und Form Ihres Zahnersatzes zu besprechen oder Ihnen Hilfe zu leisten, wenn Sie mal eine sofortige kleinere Reparatur Ihres Zahnersatzes brauchen.<\/li>\n<li><span style=\"color: #993300;\"><strong>Intra-Oral-Kamera<\/strong> <\/span>&#8211; Mit einer kleinen Videokamera k\u00f6nnen wir Ihnen die Erkrankungen Ihrer Z\u00e4hne\u00a0 auf einem Monitor am Behandlungsstuhl darstellen.<\/li>\n<li><span style=\"color: #993300;\"><strong>Knierscherschienen<\/strong><\/span> &#8211; Behandlung von Bi\u00dfst\u00f6rungen.<\/li>\n<li><span style=\"color: #993300;\"><strong>Senioren Betreung<\/strong><\/span> &#8211; Wir betreuen das <span style=\"color: #993300;\"><strong>Haus H\u00f6rn<\/strong><\/span> Seniorenheim in Aachen West.<\/li>\n<\/ul>\n<p>&nbsp;<\/p>\n<p>&nbsp;<\/p>\n","protected":false},"excerpt":{"rendered":"<p>Recall &#8211; Wir m\u00f6chten zusammen mit Ihnen Ihre Gesundheit langfristig erhalten. Daher vereinbaren wir in der Regel halbj\u00e4hrliche Vorsorgetermine. Professioneller Umgang mit der Zeitplanung unserer Patienten (keine oder nur kurze Wartezeiten). Finanzierung &#8211; Unsere Praxis kooperiert mit dem Abrechnungs-Unternehmen DZR. &hellip;<\/p>\n<p class=\"read-more\"> <a class=\"more-link\" href=\"https:\/\/dr-alfred-bretz.de\/?page_id=38\"> <span class=\"screen-reader-text\">Unser Service<\/span> Weiterlesen &raquo;<\/a><\/p>\n","protected":false},"author":3,"featured_media":0,"parent":0,"menu_order":4,"comment_status":"closed","ping_status":"closed","template":"","meta":{"footnotes":""},"class_list":["post-38","page","type-page","status-publish","hentry"],"_links":{"self":[{"href":"https:\/\/dr-alfred-bretz.de\/index.php?rest_route=\/wp\/v2\/pages\/38","targetHints":{"allow":["GET"]}}],"collection":[{"href":"https:\/\/dr-alfred-bretz.de\/index.php?rest_route=\/wp\/v2\/pages"}],"about":[{"href":"https:\/\/dr-alfred-bretz.de\/index.php?rest_route=\/wp\/v2\/types\/page"}],"author":[{"embeddable":true,"href":"https:\/\/dr-alfred-bretz.de\/index.php?rest_route=\/wp\/v2\/users\/3"}],"replies":[{"embeddable":true,"href":"https:\/\/dr-alfred-bretz.de\/index.php?rest_route=%2Fwp%2Fv2%2Fcomments&post=38"}],"version-history":[{"count":1,"href":"https:\/\/dr-alfred-bretz.de\/index.php?rest_route=\/wp\/v2\/pages\/38\/revisions"}],"predecessor-version":[{"id":213,"href":"https:\/\/dr-alfred-bretz.de\/index.php?rest_route=\/wp\/v2\/pages\/38\/revisions\/213"}],"wp:attachment":[{"href":"https:\/\/dr-alfred-bretz.de\/index.php?rest_route=%2Fwp%2Fv2%2Fmedia&parent=38"}],"curies":[{"name":"wp","href":"https:\/\/api.w.org\/{rel}","templated":true}]}}